{"id":211,"date":"2011-03-31T10:08:36","date_gmt":"2011-03-31T09:08:36","guid":{"rendered":"http:\/\/vorschau.frankfurter-malerei.de\/?page_id=211"},"modified":"2018-01-10T18:25:19","modified_gmt":"2018-01-10T17:25:19","slug":"mitgliedschaft","status":"publish","type":"page","link":"https:\/\/www.frankfurter-malerei.de\/?page_id=211","title":{"rendered":"Mitgliedschaft"},"content":{"rendered":"<p><strong>Der Verein wird von aktiven Mitgliedern, deren Beitr\u00e4ge und von Spenden getragen.<\/strong><\/p>\n<p>Wir arbeiten mit der Stadt Frankfurt, Museen, Galerien und anderen<br \/>\nEinrichtungen zusammen.<\/p>\n<p>Der wissenschaftliche Nachwuchs wird von uns gezielt durch Vergabe<br \/>\nund Vermittlung von Stipendien gef\u00f6rdert.<\/p>\n<p>Wenn Sie unsere Arbeit oder ein Stipendium finanziell f\u00f6rdern<br \/>\nm\u00f6chten, k\u00f6nnen Sie uns durch Ihre Spende unterst\u00fctzen.<br \/>\nWir beraten Sie auch gerne in Fragen zu Kunstwerken aus Ihrem<br \/>\nBesitz.<\/p>\n<p>F\u00fcr einen j\u00e4hrlichen Mitgliedsbeitrag von 40,00 Euro, Ehepaare 50,00 Euro, Sch\u00fcler und Studenten 25,00 Euro, 60,00 Euro f\u00fcr F\u00f6rdermitglieder, erwartet Sie:<\/p>\n<ul>\n<li>Pers\u00f6nliche Einladung zu den Veranstaltungen des Vereins<\/li>\n<li>Vortr\u00e4ge<\/li>\n<li>Museumsbesuche und Ausstellungen.<\/li>\n<li>Mitbestimmung bei der Berufung des Vorstandes und bei der Gestaltung<br \/>\ndes Programms<\/li>\n<\/ul>\n<p><a title=\"Beitrittserkl\u00e4rung\" href=\"https:\/\/www.frankfurter-malerei.de\/wp-content\/uploads\/2015\/07\/Beitrittserkl\u00e4rung.docx\">Beitrittserkl\u00e4rung herunterladen<\/a><\/p>\n","protected":false},"excerpt":{"rendered":"<p>Der Verein wird von aktiven Mitgliedern, deren Beitr\u00e4ge und von Spenden getragen. Wir arbeiten mit der Stadt Frankfurt, Museen, Galerien und anderen Einrichtungen zusammen. Der wissenschaftliche Nachwuchs wird von uns gezielt durch Vergabe und Vermittlung von Stipendien gef\u00f6rdert. Wenn Sie &hellip; <a href=\"https:\/\/www.frankfurter-malerei.de\/?page_id=211\">Weiterlesen <span class=\"meta-nav\">&rarr;<\/span><\/a><\/p>\n","protected":false},"author":1,"featured_media":0,"parent":11,"menu_order":0,"comment_status":"closed","ping_status":"open","template":"onecolumn-page.php","meta":{"rank_math_lock_modified_date":false,"footnotes":""},"class_list":["post-211","page","type-page","status-publish","hentry"],"_links":{"self":[{"href":"https:\/\/www.frankfurter-malerei.de\/index.php?rest_route=\/wp\/v2\/pages\/211","targetHints":{"allow":["GET"]}}],"collection":[{"href":"https:\/\/www.frankfurter-malerei.de\/index.php?rest_route=\/wp\/v2\/pages"}],"about":[{"href":"https:\/\/www.frankfurter-malerei.de\/index.php?rest_route=\/wp\/v2\/types\/page"}],"author":[{"embeddable":true,"href":"https:\/\/www.frankfurter-malerei.de\/index.php?rest_route=\/wp\/v2\/users\/1"}],"replies":[{"embeddable":true,"href":"https:\/\/www.frankfurter-malerei.de\/index.php?rest_route=%2Fwp%2Fv2%2Fcomments&post=211"}],"version-history":[{"count":18,"href":"https:\/\/www.frankfurter-malerei.de\/index.php?rest_route=\/wp\/v2\/pages\/211\/revisions"}],"predecessor-version":[{"id":905,"href":"https:\/\/www.frankfurter-malerei.de\/index.php?rest_route=\/wp\/v2\/pages\/211\/revisions\/905"}],"up":[{"embeddable":true,"href":"https:\/\/www.frankfurter-malerei.de\/index.php?rest_route=\/wp\/v2\/pages\/11"}],"wp:attachment":[{"href":"https:\/\/www.frankfurter-malerei.de\/index.php?rest_route=%2Fwp%2Fv2%2Fmedia&parent=211"}],"curies":[{"name":"wp","href":"https:\/\/api.w.org\/{rel}","templated":true}]}}